{"id":988770,"date":"2016-12-05T16:27:00","date_gmt":"2016-12-05T16:27:00","guid":{"rendered":"http:\/\/phpstack-532786-2840288.cloudwaysapps.com\/services\/"},"modified":"2022-12-07T22:56:55","modified_gmt":"2022-12-07T22:56:55","slug":"services","status":"publish","type":"page","link":"https:\/\/sunscapetx.com\/es\/services\/","title":{"rendered":"Servicios"},"content":{"rendered":"<div class=\"vgblk-rw-wrapper limit-wrapper\">\n<h2>\n\tNuestros Servicios\n\t<\/h2>\n<h2>\n\t\u00a0Dise\u00f1o\n\t<\/h2>\n\t<p>Dise\u00f1amos y restauramos paisajes para diferentes tipos de propiedades comerciales. Somos expertos en plantas nativas de Texas Central y trabajamos en armon\u00eda con el entorno.<\/p>\n\t<a href=\"#form\" target=\"_self\" role=\"button\" rel=\"noopener\">\n\t\t\t\t\tContactar\n\t<\/a>\n<h2>\n\tInstalaci\u00f3n\n\t<\/h2>\n\t<p>Contamos con un equipo de instalaci\u00f3n propio, lo que hace que nuestras instalaciones sean sencillas y eficaces.<\/p>\n\t<a href=\"#form\" target=\"_self\" role=\"button\" rel=\"noopener\">\n\t\t\t\t\tContactar\n\t<\/a>\n<h2>\n\tMantenimiento\n\t<\/h2>\n\t<p>Ofrecemos algo m\u00e1s que la jardiner\u00eda tradicional. Proporcionamos programas de mantenimiento de c\u00e9sped de alta calidad, con dos equipos especializados separados para el mantenimiento del c\u00e9sped y el mantenimiento de los detalles.<\/p>\n\t<a href=\"#form\" target=\"_self\" role=\"button\" rel=\"noopener\">\n\t\t\t\t\tContactar\n\t<\/a>\n<h2>\n\tCuidado De Plantas\n\t<\/h2>\n\t<p>Sabemos c\u00f3mo proporcionar la mejor atenci\u00f3n sanitaria a todas las plantas nativas de Texas. \u00bfSab\u00eda que? Los miembros de nuestro equipo de gesti\u00f3n, combinados,\u00a0 tienen m\u00e1s de 100 a\u00f1os de experiencia y conocimiento en plantas de la regi\u00f3n.<\/p>\n\t<a href=\"#form\" target=\"_self\" role=\"button\" rel=\"noopener\">\n\t\t\t\t\tContactar\n\t<\/a>\n<h2>\n\tGesti\u00f3n del Agua y Riego\n\t<\/h2>\n\t<p>Tenemos un equipo de irrigadores con licencia profesional que atienden todas las propiedades y proporcionan informes mensuales de riego. Tambi\u00e9n trabajamos en reparaciones de riego (que se realizan en el mismo d\u00eda, porque entendemos la importancia de responder de manera r\u00e1pida y eficiente).<\/p>\n\t<a href=\"#form\" target=\"_self\" role=\"button\" rel=\"noopener\">\n\t\t\t\t\tContactar\n\t<\/a>\n<h2>\n\tMejoras y Restauraciones\n\t<\/h2>\n\t<p>Ofrecemos servicios adicionales que van m\u00e1s all\u00e1 del mantenimiento regular de una propiedad. Presentamos propuestas de mejora de manera proactiva para mantener el aspecto y la funcionalidad de sus paisajes. <\/p>\n\t<a href=\"#form\" target=\"_self\" role=\"button\" rel=\"noopener\">\n\t\t\t\t\tContactar\n\t<\/a>\n<h2>\n\tEquipo <br \/>Asignado\n\t<\/h2>\n\t<p>Nuestros clientes cuentan con la atenci\u00f3n de dos tipos de equipos de trabajo especializados. El primer equipo (nuestro \u00abequipo dedicado al c\u00e9sped\u00bb) se enfoca en el mantenimiento del c\u00e9sped, incluyendo el corte, soplado y control de malas hierbas. El segundo equipo (nuestro \u00abequipo de detalle\u00bb) se centra en el recorte, bordes, tratamiento, y la eliminaci\u00f3n de las malas hierbas, adem\u00e1s del mantenimiento de las plantas y macizos de flores, dando forma a las plantas. Este segundo equipo tambi\u00e9n est\u00e1 preparado para proporcionar y servicios auxiliares necesarios en la propiedad.<\/p>\n\t\t\t\t\t\t\t<img decoding=\"async\" loading=\"lazy\" src=\"https:\/\/sunscapetx.com\/wp-content\/uploads\/2022\/09\/team-1.png\" alt=\"Sunscape project\" itemprop=\"image\" height=\"175\" width=\"252\" title=\"Sunscape project\" onerror=\"this.style.display='none'\"  sizes=\"auto, (max-width: 768px) 100vw, 100vw\"\/>\t\t\t\t\t\t\t\n\t\t\t\t\t\t\t<img decoding=\"async\" loading=\"lazy\" src=\"https:\/\/sunscapetx.com\/wp-content\/uploads\/2022\/09\/team-2.png\" alt=\"Sunscape project\" itemprop=\"image\" height=\"175\" width=\"252\" title=\"Sunscape project\" onerror=\"this.style.display='none'\"  sizes=\"auto, (max-width: 768px) 100vw, 100vw\"\/>\t\t\t\t\t\t\t\n\t\t\t\t\t\t\t<img decoding=\"async\" loading=\"lazy\" src=\"https:\/\/sunscapetx.com\/wp-content\/uploads\/2022\/09\/team-3.png\" alt=\"Sunscape project\" itemprop=\"image\" height=\"175\" width=\"252\" title=\"Sunscape project\" onerror=\"this.style.display='none'\"  sizes=\"auto, (max-width: 768px) 100vw, 100vw\"\/>\t\t\t\t\t\t\t\n<h2>\n\t\t\t<a href=\"#\" title=\"Control de Calidad y Mejora Continua\" target=\"_self\" rel=\"noopener\">\n\tControl de Calidad y Mejora Continua\n\t\t\t<\/a>\n\t<\/h2>\n\t<p>Para garantizar la calidad de nuestro trabajo e identificar oportunidades de mejora, implementamos diferentes m\u00e9todos que incluyen: auditor\u00edas de calidad, paseos por las instalaciones, notificaciones de servicio, propuestas de mejora, informes de riego, etc.<\/p>\n<h2>\n\t\t\t<a href=\"\/\" title=\"Proceso\" target=\"_self\" rel=\"noopener\">\n\tProceso\n\t\t\t<\/a>\n\t<\/h2>\n\t<h5>Contacto Inicial:<\/h5>\n\t<p>Una vez que recibimos una consulta, contact\u00e1mos al cliente para coordinar una primera reuni\u00f3n. <\/p>\n\t<h5>Reuni\u00f3n con el cliente:<\/h5>\n\t<p>Durante nuestra primera reuni\u00f3n, presentamos un resumen de nuestros servicios y nos tomamos el tiempo necesario para comprender mejor sus necesidades, expectativas y presupuesto. Estas reuniones se llevan a cabo en la propiedad del cliente, para evaluar las necesidades de la misma a trav\u00e9s de la observaci\u00f3n. <\/p>\n\t<h5>Propuesta:<\/h5>\n\t<p>Una vez que entendemos las necesidades del cliente y la propiedad, preparamos una propuesta detallada, que especif\u00edca la frecuencia y el costo de cada servicio. <\/p>\n\t<h5>Apobaci\u00f3n:<\/h5>\n\t<p>Cuando recibimos aprobaci\u00f3n del cliente para continuar con el proyecto, el primer paso es coordinar una visita inicial para que todo el equipo se familiarice con la propiedad.<\/p>\n\t<h5>Visita con el equipo:<\/h5>\n\t<p>La visita inicial con el equipo marca un hito en todas nuestras relaciones. Nuestro equipo se re\u00fane con el equipo del cliente para evaluar la propiedad y hacer las debidas presentaciones (normalmente acompa\u00f1amos esta reuni\u00f3n con algo de comida para compartir).\u00a0 Durante este tiempo, profundizamos en los detalles de la propiedad y preguntamos sobre las expectativas y los puntos d\u00e9biles actuales. Tambi\u00e9n presentamos nuestra hoja de ruta para el \u00e9xito. <\/p>\n\t<h5>Al obtener luz verde:<\/h5>\n\t<p>Nuestros equipos de expertos comienzan a dar servicio a la propiedad. Los clientes siempre tendr\u00e1n al mismo equipo, por lo que con el tiempo se convertir\u00e1n en expertos en su propiedad.<\/p>\n\t\t\t\t\t\t\t<img decoding=\"async\" loading=\"lazy\" src=\"https:\/\/sunscapetx.com\/wp-content\/uploads\/2022\/09\/servicies.png\" alt=\"servicies\" itemprop=\"image\" height=\"521\" width=\"380\" title=\"servicies\" onerror=\"this.style.display='none'\"  sizes=\"auto, (max-width: 768px) 100vw, 100vw\" srcset=\"data:image\/svg+xml;utf8,&lt;svg%20xmlns=&quot;http:\/\/www.w3.org\/2000\/svg&quot;%20viewBox=&quot;0%200%20380%20521&quot;%20height=&quot;521px&quot;%20width=&quot;380px&quot;\/&gt;\" data-srcset=\"https:\/\/sunscapetx.com\/wp-content\/uploads\/2022\/09\/servicies.png 380w, https:\/\/sunscapetx.com\/wp-content\/uploads\/2022\/09\/servicies-219x300.png 219w, https:\/\/sunscapetx.com\/wp-content\/uploads\/2022\/09\/servicies-315x432.png 315w\" \/>\t\t\t\t\t\t\t\n\t<p>\u00abConf\u00edo en que Sunscape se ocupa de mi equipo; esa tranquilidad es irremplazable\u00bb.<\/p>\n<p>~ Doug Hunter, Managing Partner, Serene Hills<\/p>\n<p><strong>\u2022 <\/strong><strong>\u2022 <\/strong><strong>\u2022 <\/strong><strong>\u2022\u00a0<\/strong><\/p>\n\t<p><strong>Creando oportunidades<\/strong> a trav\u00e9s de paisajes hermosos <strong>desde el 2003.<\/strong><\/p>\n<h2>\n\t\tCont\u00e1ctenos\n\t<\/h2>\n    Aviso: Se requiere JavaScript para este contenido.\n        <!-- TODO: Move to Template File. -->\n        \n<\/div><!-- .vgblk-rw-wrapper -->","protected":false},"excerpt":{"rendered":"<p>Nuestros Servicios \u00a0Dise\u00f1o Dise\u00f1amos y restauramos paisajes para diferentes tipos de propiedades comerciales. Somos expertos en plantas nativas de Texas Central y trabajamos en armon\u00eda con el entorno. Contactar Instalaci\u00f3n Contamos con un equipo de instalaci\u00f3n propio, lo que hace que nuestras instalaciones sean sencillas y eficaces. Contactar Mantenimiento Ofrecemos algo m\u00e1s que la jardiner\u00eda&#8230;<\/p>\n","protected":false},"author":6,"featured_media":0,"parent":0,"menu_order":0,"comment_status":"closed","ping_status":"closed","template":"","meta":{"inline_featured_image":false,"pgc_sgb_lightbox_settings":"","_vp_format_video_url":"","_vp_image_focal_point":[],"footnotes":""},"class_list":["post-988770","page","type-page","status-publish","hentry"],"_links":{"self":[{"href":"https:\/\/sunscapetx.com\/es\/wp-json\/wp\/v2\/pages\/988770","targetHints":{"allow":["GET"]}}],"collection":[{"href":"https:\/\/sunscapetx.com\/es\/wp-json\/wp\/v2\/pages"}],"about":[{"href":"https:\/\/sunscapetx.com\/es\/wp-json\/wp\/v2\/types\/page"}],"author":[{"embeddable":true,"href":"https:\/\/sunscapetx.com\/es\/wp-json\/wp\/v2\/users\/6"}],"replies":[{"embeddable":true,"href":"https:\/\/sunscapetx.com\/es\/wp-json\/wp\/v2\/comments?post=988770"}],"version-history":[{"count":0,"href":"https:\/\/sunscapetx.com\/es\/wp-json\/wp\/v2\/pages\/988770\/revisions"}],"wp:attachment":[{"href":"https:\/\/sunscapetx.com\/es\/wp-json\/wp\/v2\/media?parent=988770"}],"curies":[{"name":"wp","href":"https:\/\/api.w.org\/{rel}","templated":true}]}}