{"id":988766,"date":"2022-09-12T16:52:48","date_gmt":"2022-09-12T16:52:48","guid":{"rendered":"http:\/\/phpstack-532786-2840288.cloudwaysapps.com\/contact\/"},"modified":"2024-03-08T16:32:55","modified_gmt":"2024-03-08T16:32:55","slug":"contact","status":"publish","type":"page","link":"https:\/\/sunscapetx.com\/es\/contact\/","title":{"rendered":"Cont\u00e1ctenos"},"content":{"rendered":"<div class=\"vgblk-rw-wrapper limit-wrapper\">\n\n\t<p>Ll\u00e1menos al <a href=\"tel:+512 326 1126\">(512) 326-1126<\/a> o env\u00edenos un correo electr\u00f3nico completando el formulario a continuaci\u00f3n<\/p>\n<h4>\n\tCont\u00e1ctenos\n\t<\/h4>\n\tAviso: Se requiere JavaScript para este contenido.\n        <!-- That data is being printed as a workaround to page builders reordering the order of the scripts loaded-->\n\t\t<iframe src=\"https:\/\/maps.google.com\/maps?q=30.431799%2C+-97.679436&#038;iwloc=near&#038;output=embed\" height=\"350\" frameborder=\"0\" loading=\"lazy\"><\/iframe>\n\t\t<iframe src=\"https:\/\/maps.google.com\/maps?q=7848+FM482+%28Building+A%29%2C+New+Braunfels%2C+TX+78132&#038;iwloc=near&#038;output=embed\" height=\"350\" frameborder=\"0\" loading=\"lazy\"><\/iframe>\n\n<\/div><!-- .vgblk-rw-wrapper -->","protected":false},"excerpt":{"rendered":"<p>Ll\u00e1menos al (512) 326-1126 o env\u00edenos un correo electr\u00f3nico completando el formulario a continuaci\u00f3n Cont\u00e1ctenos Aviso: Se requiere JavaScript para este contenido.<\/p>\n","protected":false},"author":6,"featured_media":0,"parent":0,"menu_order":0,"comment_status":"closed","ping_status":"closed","template":"","meta":{"inline_featured_image":false,"pgc_sgb_lightbox_settings":"","_vp_format_video_url":"","_vp_image_focal_point":[],"footnotes":""},"class_list":["post-988766","page","type-page","status-publish","hentry"],"_links":{"self":[{"href":"https:\/\/sunscapetx.com\/es\/wp-json\/wp\/v2\/pages\/988766","targetHints":{"allow":["GET"]}}],"collection":[{"href":"https:\/\/sunscapetx.com\/es\/wp-json\/wp\/v2\/pages"}],"about":[{"href":"https:\/\/sunscapetx.com\/es\/wp-json\/wp\/v2\/types\/page"}],"author":[{"embeddable":true,"href":"https:\/\/sunscapetx.com\/es\/wp-json\/wp\/v2\/users\/6"}],"replies":[{"embeddable":true,"href":"https:\/\/sunscapetx.com\/es\/wp-json\/wp\/v2\/comments?post=988766"}],"version-history":[{"count":1,"href":"https:\/\/sunscapetx.com\/es\/wp-json\/wp\/v2\/pages\/988766\/revisions"}],"predecessor-version":[{"id":989265,"href":"https:\/\/sunscapetx.com\/es\/wp-json\/wp\/v2\/pages\/988766\/revisions\/989265"}],"wp:attachment":[{"href":"https:\/\/sunscapetx.com\/es\/wp-json\/wp\/v2\/media?parent=988766"}],"curies":[{"name":"wp","href":"https:\/\/api.w.org\/{rel}","templated":true}]}}