{"id":988390,"date":"2017-09-03T22:38:55","date_gmt":"2017-09-03T22:38:55","guid":{"rendered":"http:\/\/phpstack-532786-2840288.cloudwaysapps.com\/home-page-3\/"},"modified":"2023-01-23T19:53:20","modified_gmt":"2023-01-23T19:53:20","slug":"home-page-3","status":"publish","type":"page","link":"https:\/\/sunscapetx.com\/es\/","title":{"rendered":"Inicio"},"content":{"rendered":"<div class=\"vgblk-rw-wrapper limit-wrapper\">\n\n\t\t\t\t\t\t\t<img decoding=\"async\" loading=\"lazy\" src=\"https:\/\/sunscapetx.com\/wp-content\/uploads\/2017\/09\/grass.svg\" alt=\"grass\" itemprop=\"image\" height=\"17\" width=\"1280\" title=\"grass\" onerror=\"this.style.display='none'\" \/>\t\t\t\t\t\t\t\n\t\t\t\t<a href=\"\/es\/services\/#maintenance\" target=\"_self\" itemprop=\"url\" title=\"Frame3\" rel=\"noopener\">\n\t\t\t\t\t\t\t<img decoding=\"async\" loading=\"lazy\" src=\"https:\/\/sunscapetx.com\/wp-content\/uploads\/2022\/08\/Frame3.png\" alt=\"Frame3\" itemprop=\"image\" height=\"71\" width=\"87\" data-link-type=\"url\" title=\"Frame3\" onerror=\"this.style.display='none'\" \/>\t\t\t\t\t\t<\/a>\n<h4>\n\t\t\t<a href=\"\/es\/services\/#maintenance\" title=\"Mantenimiento\" target=\"_self\" rel=\"noopener\">\n\tMantenimiento\n\t\t\t<\/a>\n\t<\/h4>\n\t<a href=\"\/es\/services\/#maintenance\" target=\"_self\" role=\"button\" rel=\"noopener\">\n\t\t\t\t\tLeer m\u00e1s\n\t<\/a>\n\t\t\t\t<a href=\"\/es\/services\/#healthcare\" target=\"_self\" itemprop=\"url\" title=\"Frame4\" rel=\"noopener\">\n\t\t\t\t\t\t\t<img decoding=\"async\" loading=\"lazy\" src=\"https:\/\/sunscapetx.com\/wp-content\/uploads\/2022\/08\/Frame4.png\" alt=\"Frame4\" itemprop=\"image\" height=\"79\" width=\"71\" data-link-type=\"url\" title=\"Frame4\" onerror=\"this.style.display='none'\" \/>\t\t\t\t\t\t<\/a>\n<h4>\n\t\t\t<a href=\"\/es\/services\/#healthcare\" title=\"Cuidado de plantas\" target=\"_self\" rel=\"noopener\">\n\tCuidado de plantas\n\t\t\t<\/a>\n\t<\/h4>\n\t<a href=\"\/es\/services\/#healthcare\" target=\"_self\" role=\"button\" rel=\"noopener\">\n\t\t\t\t\tLeer m\u00e1s\n\t<\/a>\n\t\t\t\t<a href=\"\/es\/services\/#design\" target=\"_self\" itemprop=\"url\" title=\"frame-1\" rel=\"noopener\">\n\t\t\t\t\t\t\t<img decoding=\"async\" loading=\"lazy\" src=\"https:\/\/sunscapetx.com\/wp-content\/uploads\/2022\/08\/frame-1.png\" alt=\"frame-1\" itemprop=\"image\" height=\"79\" width=\"91\" data-link-type=\"url\" title=\"frame-1\" onerror=\"this.style.display='none'\" \/>\t\t\t\t\t\t<\/a>\n<h4>\n\t\t\t<a href=\"\/es\/services\/#design\" title=\"Dise\u00f1o de jardines\" target=\"_self\" rel=\"noopener\">\n\tDise\u00f1o de jardines\n\t\t\t<\/a>\n\t<\/h4>\n\t<a href=\"\/es\/services\/#design\" target=\"_self\" role=\"button\" rel=\"noopener\">\n\t\t\t\t\tLeer m\u00e1s\n\t<\/a>\n\t\t\t\t<a href=\"\/es\/services\/#installation\" target=\"_self\" itemprop=\"url\" title=\"Frame2\" rel=\"noopener\">\n\t\t\t\t\t\t\t<img decoding=\"async\" loading=\"lazy\" src=\"https:\/\/sunscapetx.com\/wp-content\/uploads\/2022\/08\/Frame2.png\" alt=\"Frame2\" itemprop=\"image\" height=\"78\" width=\"95\" data-link-type=\"url\" title=\"Frame2\" onerror=\"this.style.display='none'\" \/>\t\t\t\t\t\t<\/a>\n<h4>\n\t\t\t<a href=\"\/es\/services\/#installation\" title=\"Instalaciones\" target=\"_self\" rel=\"noopener\">\n\tInstalaciones\n\t\t\t<\/a>\n\t<\/h4>\n\t<a href=\"\/es\/services\/#installation\" target=\"_self\" role=\"button\" rel=\"noopener\">\n\t\t\t\t\tLeer m\u00e1s\n\t<\/a>\n<h4>\n\tEn Sunscape Landscaping\n\t<\/h4>\n\t<p>En Sunscape estamos orgullosos de nuestros servicios de paisajismo y jardiner\u00eda comercial, desde nuestra gesti\u00f3n de agua y riego hasta el manejo de propiedades, todo desde Texas Central.<\/p>\n<h2>\n\tNuestros Servicios\n\t<\/h2>\n\t<p>No somos la t\u00edpica empresa de jardiner\u00eda. En Sunscape proporcionamos servicios integrales de jardiner\u00eda comercial ajustados a sus necesidades.<\/p>\n\t\t\t\t\t\t\t<img decoding=\"async\" src=\"https:\/\/sunscapetx.com\/wp-content\/plugins\/beaver-builder-lite-version\/img\/pixel.png\" alt=\"\" itemprop=\"image\" onerror=\"this.style.display='none'\"  \/>\n<h5>\n\tTenemos experiencia en:\n\t<\/h5>\n\t<ul>\n<li>Manteniemiento<\/li>\n<li>Cuidado de plantas<\/li>\n<li>Mejora y restaruraci\u00f3n de paisajes<\/li>\n<li>Gesti\u00f3n del agua y riego<\/li>\n<li>Dise\u00f1o de paisajes<\/li>\n<li>Instalaciones<\/li>\n<\/ul>\n\t\t\t\t\t\t\t<img decoding=\"async\" loading=\"lazy\" src=\"https:\/\/sunscapetx.com\/wp-content\/uploads\/2022\/08\/svg-3.png\" alt=\"svg-3\" itemprop=\"image\" height=\"120\" width=\"110\" title=\"svg-3\" onerror=\"this.style.display='none'\" \/>\t\t\t\t\t\t\t\n<h5>\n\tEncuentre la soluci\u00f3n adecuada para usted\n\t<\/h5>\n\t<a href=\"\/es\/services\/\" target=\"_self\" role=\"button\" rel=\"noopener\">\n\t\t\t\t\tDescubrir m\u00e1s\n\t<\/a>\n<h5>\n\tSobre Nosotros\n\t<\/h5>\n\t<p>Somos una compa\u00f1\u00eda ubicada en Texas con cerca de 20 a\u00f1os de experiencia, proporcionando paisajismo comercial integral en Texas Central.<\/p>\n\t\t\t<a href=\"\/es\/about\/\" target=\"_self\" role=\"button\" rel=\"noopener\">\n\t\t\t\t\t\t\tVer M\u00e1s\n\t\t\t\t\t<\/a>\n<h2>\n\tNuestra Visi\u00f3n\n\t<\/h2>\n\t<p>Buscamos generar oportunidades a trav\u00e9s de paisajes hermosos pensando siempre en nuestros clientes, nuestro equipo y las comunidades que nos rodean.<\/p>\n\t\t\t<a href=\"\/es\/about\/#vision\" target=\"_self\" role=\"button\" rel=\"noopener\">\n\t\t\t\t\t\t\tLeer M\u00e1s\n\t\t\t\t\t<\/a>\n<h2>\n\tA Qui\u00e9n Servimos\n\t<\/h2>\n\t<p>Brindamos servicios a HOA, comunidades de personas mayores y varios tipos de propiedades comerciales.<\/p>\n\t\t\t<a href=\"\/es\/about\/#serve\" target=\"_self\" role=\"button\" rel=\"noopener\">\n\t\t\t\t\t\t\tSaber M\u00e1s\n\t\t\t\t\t<\/a>\n<h2>\n\tNuestro Equipo\n\t<\/h2>\n\t<p>Nuestro equipo est\u00e1 compuesto por profesionales certificados que comparten valores y una visi\u00f3n en com\u00fan.<\/p>\n\t\t\t<a href=\"\/es\/about\/#team\" target=\"_self\" role=\"button\" rel=\"noopener\">\n\t\t\t\t\t\t\tSobre El Equipo\n\t\t\t\t\t<\/a>\n<h2>\n\tValores\n\t<\/h2>\n\t<ul>\n<li>Somos responsables: tomamos responsabilidad por nuestras acciones.<\/li>\n<li>Nos enfocamos en crecer: siempre buscamos maneras de mejorar.<\/li>\n<li>Somos optimistas: buscamos soluciones donde otros ven problemas.<\/li>\n<li>Compartimos una vocaci\u00f3n de servicio: somos amables y aut\u00e9nticos, siempre estamos dispuestos a ayudar.<\/li>\n<li>Cuidamos de la calidad: nos aseguramos de mantener los m\u00e1s altos est\u00e1ndares de calidad en todo lo que hacemos.<\/li>\n<li>Somos un solo equipo, y nuestra gente es el activo #1.<\/li>\n<\/ul>\n\t\t\t<a href=\"\/es\/careers\/#core-values\" target=\"_self\" role=\"button\" rel=\"noopener\">\n\t\t\t\t\t\t\tLeer m\u00e1s\n\t\t\t\t\t<\/a>\n<h2>\n\tGaler\u00eda\n\t<\/h2>\n\t\t\t<a href=\"\/es\/gallery\/\" target=\"_self\" role=\"button\" rel=\"noopener\">\n\t\t\t\t\t\t\tVer Galer\u00eda\n\t\t\t\t\t<\/a>\n\n<\/div><!-- .vgblk-rw-wrapper -->","protected":false},"excerpt":{"rendered":"<p>Mantenimiento Leer m\u00e1s Cuidado de plantas Leer m\u00e1s Dise\u00f1o de jardines Leer m\u00e1s Instalaciones Leer m\u00e1s En Sunscape Landscaping En Sunscape estamos orgullosos de nuestros servicios de paisajismo y jardiner\u00eda comercial, desde nuestra gesti\u00f3n de agua y riego hasta el manejo de propiedades, todo desde Texas Central. Nuestros Servicios No somos la t\u00edpica empresa de&#8230;<\/p>\n","protected":false},"author":6,"featured_media":0,"parent":0,"menu_order":0,"comment_status":"closed","ping_status":"closed","template":"","meta":{"inline_featured_image":false,"pgc_sgb_lightbox_settings":"","_vp_format_video_url":"","_vp_image_focal_point":[],"footnotes":""},"class_list":["post-988390","page","type-page","status-publish","hentry"],"_links":{"self":[{"href":"https:\/\/sunscapetx.com\/es\/wp-json\/wp\/v2\/pages\/988390","targetHints":{"allow":["GET"]}}],"collection":[{"href":"https:\/\/sunscapetx.com\/es\/wp-json\/wp\/v2\/pages"}],"about":[{"href":"https:\/\/sunscapetx.com\/es\/wp-json\/wp\/v2\/types\/page"}],"author":[{"embeddable":true,"href":"https:\/\/sunscapetx.com\/es\/wp-json\/wp\/v2\/users\/6"}],"replies":[{"embeddable":true,"href":"https:\/\/sunscapetx.com\/es\/wp-json\/wp\/v2\/comments?post=988390"}],"version-history":[{"count":0,"href":"https:\/\/sunscapetx.com\/es\/wp-json\/wp\/v2\/pages\/988390\/revisions"}],"wp:attachment":[{"href":"https:\/\/sunscapetx.com\/es\/wp-json\/wp\/v2\/media?parent=988390"}],"curies":[{"name":"wp","href":"https:\/\/api.w.org\/{rel}","templated":true}]}}